{"id":826,"date":"2023-06-16T09:46:59","date_gmt":"2023-06-16T09:46:59","guid":{"rendered":"https:\/\/vanphongphamvivi.vn\/?post_type=product&#038;p=826"},"modified":"2024-04-11T07:39:04","modified_gmt":"2024-04-11T07:39:04","slug":"but-gel-nuoc-mau-xanh-thien-long-but-nuoc-muc-xanh","status":"publish","type":"product","link":"https:\/\/vanphongphamvivi.vn\/?product=but-gel-nuoc-mau-xanh-thien-long-but-nuoc-muc-xanh","title":{"rendered":"B\u00fat gel n\u01b0\u1edbc m\u00e0u xanh Thi\u00ean Long &#8211; B\u00fat n\u01b0\u1edbc m\u1ef1c xanh"},"content":{"rendered":"<p>B\u00fat gel n\u01b0\u1edbc m\u00e0u xanh Thi\u00ean Long &#8211; B\u00fat n\u01b0\u1edbc m\u1ef1c xanh cao c\u1ea5p gi\u00e1 r\u1ebb<\/p>\n<p>Ng\u00f2i b\u00fat: 0.5mm<br \/>\nM\u1ef1c \u0111\u1ec1u, \u0111\u1eadm n\u00e9t<br \/>\nB\u00fat gel m\u1ef1c n\u01b0\u1edbc Thi\u00ean Long l\u00e0 d\u00f2ng b\u00fat\u00a0 gel qu\u1ed1c d\u00e2n \u0111\u01b0\u1ee3c nhi\u1ec1u ng\u01b0\u1eddi \u01b0a chu\u1ed9ng v\u00e0 y\u00eau th\u00edch b\u1edfi th\u00edch k\u1ebf b\u00fat t\u1ed1i gi\u1ea3n, d\u1ec5 vi\u1ebft, m\u1ef1c \u0111\u1ec1u v\u00e0 \u0111\u1eadm n\u00e9t. B\u00fat gel n\u01b0\u1edbc m\u1ef1c m\u00e0u xanh gi\u00e1 r\u1ebb m\u00e0 ch\u1ea5t l\u01b0\u1ee3ng \u1ed5n \u0111\u1ecbnh n\u00ean r\u1ea5t \u0111\u01b0\u1ee3c h\u1ecdc sinh sinh vi\u00ean, nh\u00e2n vi\u00ean v\u0103n ph\u00f2ng tin d\u00f9ng.<\/p>\n","protected":false},"excerpt":{"rendered":"<p>B\u00fat gel n\u01b0\u1edbc m\u00e0u xanh Thi\u00ean Long &#8211; B\u00fat n\u01b0\u1edbc m\u1ef1c xanh cao c\u1ea5p gi\u00e1 r\u1ebb Ng\u00f2i b\u00fat: 0.5mm M\u1ef1c \u0111\u1ec1u, \u0111\u1eadm n\u00e9t B\u00fat gel m\u1ef1c n\u01b0\u1edbc Thi\u00ean Long l\u00e0<\/p>\n","protected":false},"featured_media":827,"comment_status":"open","ping_status":"closed","template":"","meta":[],"product_cat":[17,160],"product_tag":[],"class_list":{"0":"post-826","1":"product","2":"type-product","3":"status-publish","6":"product_cat-chua-phan-loai","7":"product_cat-but-viet-muc-nhieu-mau","9":"first","10":"instock","11":"sale","12":"shipping-taxable","13":"purchasable","14":"product-type-simple"},"_links":{"self":[{"href":"https:\/\/vanphongphamvivi.vn\/index.php?rest_route=\/wp\/v2\/product\/826","targetHints":{"allow":["GET"]}}],"collection":[{"href":"https:\/\/vanphongphamvivi.vn\/index.php?rest_route=\/wp\/v2\/product"}],"about":[{"href":"https:\/\/vanphongphamvivi.vn\/index.php?rest_route=\/wp\/v2\/types\/product"}],"replies":[{"embeddable":true,"href":"https:\/\/vanphongphamvivi.vn\/index.php?rest_route=%2Fwp%2Fv2%2Fcomments&post=826"}],"version-history":[{"count":0,"href":"https:\/\/vanphongphamvivi.vn\/index.php?rest_route=\/wp\/v2\/product\/826\/revisions"}],"wp:featuredmedia":[{"embeddable":true,"href":"https:\/\/vanphongphamvivi.vn\/index.php?rest_route=\/wp\/v2\/media\/827"}],"wp:attachment":[{"href":"https:\/\/vanphongphamvivi.vn\/index.php?rest_route=%2Fwp%2Fv2%2Fmedia&parent=826"}],"wp:term":[{"taxonomy":"product_cat","embeddable":true,"href":"https:\/\/vanphongphamvivi.vn\/index.php?rest_route=%2Fwp%2Fv2%2Fproduct_cat&post=826"},{"taxonomy":"product_tag","embeddable":true,"href":"https:\/\/vanphongphamvivi.vn\/index.php?rest_route=%2Fwp%2Fv2%2Fproduct_tag&post=826"}],"curies":[{"name":"wp","href":"https:\/\/api.w.org\/{rel}","templated":true}]}}