{"id":856,"date":"2023-06-21T07:30:47","date_gmt":"2023-06-21T07:30:47","guid":{"rendered":"https:\/\/vanphongphamvivi.vn\/?post_type=product&#038;p=856"},"modified":"2023-06-21T07:30:48","modified_gmt":"2023-06-21T07:30:48","slug":"bia-trinh-ky-don-doi-da-simily-chong-tham-nuoc","status":"publish","type":"product","link":"https:\/\/vanphongphamvivi.vn\/?product=bia-trinh-ky-don-doi-da-simily-chong-tham-nuoc","title":{"rendered":"B\u00eca tr\u00ecnh k\u00fd \u0111\u01a1n &#8211; \u0111\u00f4i da simily ch\u1ed1ng th\u1ea5m n\u01b0\u1edbc"},"content":{"rendered":"<p>B\u00eca tr\u00ecnh k\u00fd \u0111\u01a1n c\u00f3 th\u00eam l\u1edbp l\u00f3t, k\u1eb9p t\u00e0i li\u1ec7u &#8211; tr\u00ecnh k\u00fd \u0111\u00f4i da simily ch\u1ed1ng th\u1ea5m n\u01b0\u1edbc<br \/>\nCh\u1ea5t li\u1ec7u: simily 1 m\u1eb7t, 2 m\u1eb7t<br \/>\nLo\u1ea1i \u0111\u01a1n hay \u0111\u00f4i \u0111\u1ec1u c\u00f3 th\u00eam 1 l\u1edbp l\u00f3t da simily t\u0103ng kh\u1ea3 n\u0103ng l\u01b0u tr\u1eef nhi\u1ec1u gi\u1ea5y t\u1edd h\u01a1n<br \/>\nC\u00f3 k\u1eb9p t\u00e0i li\u1ec7u b\u1eb1ng s\u1eaft, c\u00f3 \u0111\u1ec7m b\u1ea3o v\u1ec7 gi\u1ea5y t\u1edd kh\u00f4ng b\u1ecb h\u1eb1ng d\u1ea5u v\u1ebft tr\u00ean gi\u1ea5y<br \/>\nB\u00eca tr\u00ecnh k\u00fd \u0111\u01a1n hay \u0111\u00f4i \u0111\u01b0\u1ee3c s\u1eed d\u1ee5ng r\u1ed9ng r\u00e3i trong c\u00e1c v\u0103n ph\u00f2ng, d\u00f9ng \u0111\u1ec3 k\u1eb9p v\u00e0 l\u01b0u tr\u1eef gi\u1ea5y t\u1edd, t\u00e0i li\u1ec7u.<br \/>\nV\u1edbi thi\u1ebft k\u1ebf c\u1ee9ng c\u00e1p, da simili ch\u1ed1ng th\u1ea5m n\u01b0\u1edbc t\u1ed1t gi\u1ee9 b\u1ea1n b\u1ea3o v\u1ec7 t\u00e0i li\u1ec7u, gi\u1ea5y t\u1edd kh\u1ecfi b\u1ecb h\u01b0 h\u1ea1i.<br \/>\nNgo\u00e0i ra, b\u00eca tr\u00ecnh k\u00fd c\u00f3 k\u1eb9p t\u00e0i li\u1ec7u gi\u00fap gi\u1ea5y t\u1edd \u0111\u01b0\u1ee3c s\u1eafp x\u1ebfp g\u1ecdn g\u00e0ng ng\u0103n n\u1eafp, d\u1ec5 t\u00ecm ki\u1ebfm, th\u00e1o l\u1eafp.<br \/>\nB\u1ea1n c\u00f3 th\u1ec3 d\u00f9ng b\u00eca da tr\u00ecnh k\u00fd \u0111\u01a1n ho\u1eb7c \u0111\u00f4i l\u00e0m menu, k\u1eb9p gi\u1ea5y \u0111\u1ec3 vi\u1ebft nhanh r\u1ea5t ti\u1ec7n l\u1ee3i.<\/p>\n","protected":false},"excerpt":{"rendered":"<p>B\u00eca tr\u00ecnh k\u00fd \u0111\u01a1n c\u00f3 th\u00eam l\u1edbp l\u00f3t, k\u1eb9p t\u00e0i li\u1ec7u &#8211; tr\u00ecnh k\u00fd \u0111\u00f4i da simily ch\u1ed1ng th\u1ea5m n\u01b0\u1edbc Ch\u1ea5t li\u1ec7u: simily 1 m\u1eb7t, 2 m\u1eb7t Lo\u1ea1i \u0111\u01a1n hay<\/p>\n","protected":false},"featured_media":860,"comment_status":"open","ping_status":"closed","template":"","meta":[],"product_cat":[157],"product_tag":[212,210,213,214,211],"class_list":{"0":"post-856","1":"product","2":"type-product","3":"status-publish","6":"product_cat-cac-loai-bia-ke-cam-but","7":"product_tag-biada","8":"product_tag-biatrinhky-trinhkyda-trinhkydon-trinhkydoi","9":"product_tag-kephoso","10":"product_tag-keptailieu","11":"product_tag-trinhky","13":"first","14":"instock","15":"sale","16":"shipping-taxable","17":"purchasable","18":"product-type-simple"},"_links":{"self":[{"href":"https:\/\/vanphongphamvivi.vn\/index.php?rest_route=\/wp\/v2\/product\/856","targetHints":{"allow":["GET"]}}],"collection":[{"href":"https:\/\/vanphongphamvivi.vn\/index.php?rest_route=\/wp\/v2\/product"}],"about":[{"href":"https:\/\/vanphongphamvivi.vn\/index.php?rest_route=\/wp\/v2\/types\/product"}],"replies":[{"embeddable":true,"href":"https:\/\/vanphongphamvivi.vn\/index.php?rest_route=%2Fwp%2Fv2%2Fcomments&post=856"}],"version-history":[{"count":0,"href":"https:\/\/vanphongphamvivi.vn\/index.php?rest_route=\/wp\/v2\/product\/856\/revisions"}],"wp:featuredmedia":[{"embeddable":true,"href":"https:\/\/vanphongphamvivi.vn\/index.php?rest_route=\/wp\/v2\/media\/860"}],"wp:attachment":[{"href":"https:\/\/vanphongphamvivi.vn\/index.php?rest_route=%2Fwp%2Fv2%2Fmedia&parent=856"}],"wp:term":[{"taxonomy":"product_cat","embeddable":true,"href":"https:\/\/vanphongphamvivi.vn\/index.php?rest_route=%2Fwp%2Fv2%2Fproduct_cat&post=856"},{"taxonomy":"product_tag","embeddable":true,"href":"https:\/\/vanphongphamvivi.vn\/index.php?rest_route=%2Fwp%2Fv2%2Fproduct_tag&post=856"}],"curies":[{"name":"wp","href":"https:\/\/api.w.org\/{rel}","templated":true}]}}