{"id":889,"date":"2023-06-29T09:37:16","date_gmt":"2023-06-29T09:37:16","guid":{"rendered":"https:\/\/vanphongphamvivi.vn\/?post_type=product&#038;p=889"},"modified":"2023-06-29T09:37:17","modified_gmt":"2023-06-29T09:37:17","slug":"so-caro-30x40-600-trang-dac-biet-ghi-chep-luu-tru-thong-tin","status":"publish","type":"product","link":"https:\/\/vanphongphamvivi.vn\/?product=so-caro-30x40-600-trang-dac-biet-ghi-chep-luu-tru-thong-tin","title":{"rendered":"S\u1ed5 caro 30&#215;40 600 trang \u0111\u1eb7c bi\u1ec7t ghi ch\u00e9p l\u01b0u tr\u1eef th\u00f4ng tin"},"content":{"rendered":"<p>S\u1ed5 caro ghi ch\u00e9p l\u01b0u tr\u1eef th\u00f4ng tin l\u1edbn d\u00e0nh cho x\u00ed nghi\u1ec7p, c\u00f4ng ty, nh\u00e0 m\u00e1y, c\u01a1 quan<br \/>\nXu\u1ea5t x\u1ee9: Vi\u1ec7t Nam<br \/>\nK\u00edch th\u01b0\u1edbc: 30&#215;40 lo\u1ea1i 600 trang<br \/>\nM\u00e0u s\u1eafc: Giao m\u00e0u ng\u1eabu nhi\u00ean<br \/>\nS\u1ed5 caro \u0111\u01b0\u1ee3c thi\u1ebft k\u1ebf d\u1ea1ng h\u00ecnh ch\u1eef nh\u1eadt, s\u1ed1 l\u01b0\u1ee3ng trang t\u1eeb 200 trang tr\u1edf l\u00ean. C\u00f3 nhi\u1ec1u k\u00edch th\u01b0\u1edbc t\u1eeb trung b\u00ecnh \u0111\u1ebfn l\u1edbn, s\u1ed5 ghi ch\u00e9p th\u00edch h\u1ee3p v\u1edbi m\u1ee5c \u0111\u00edch l\u01b0u tr\u1eef th\u00f4ng tin xu\u1ea5t nh\u1eadp h\u00e0ng h\u00f3a, qu\u1ea3n l\u00fd kho b\u00e3i, s\u1ed5 l\u01b0u tr\u1eef v\u00e0 theo d\u00f5i l\u1ecbch l\u00e0m vi\u1ec7c c\u00f4ng nh\u00e2n vi\u00ean. Ngo\u00e0i ra, s\u1ed5 caro nhi\u1ec1u m\u00e0u, \u0111a d\u1ea1ng k\u00edch th\u01b0\u1edbc c\u00f2n d\u00f9ng \u0111\u1ec3 ghi ch\u00e9p c\u00e1c th\u00f4ng tin cu\u1ed9c h\u1ecdp, th\u00f4ng tin b\u1ea3o m\u1eadt c\u1ee7a nh\u00e0 m\u00e1y, x\u00ed nghi\u1ec7p.<br \/>\nS\u1ed5 caro c\u00f3 ph\u1ea7n b\u00eca c\u1ee9ng c\u00e1p c\u00f3 nilon ch\u1ed1ng n\u01b0\u1edbc v\u00e0 ph\u1ea7n gi\u1ea5y vi\u1ebft \u0111\u1ed9 tr\u1eafng 90, b\u1ea3o v\u1ec7 th\u1ecb l\u1ef1c ng\u01b0\u1eddi d\u00f9ng.<br \/>\nc\u00e1c g\u00f3c s\u1ed5 caro \u0111\u01b0\u1ee3c bo b\u1eb1ng kim lo\u1ea1i gi\u00fap b\u1ea3o v\u1ec7 s\u1ed5 ghi ch\u00e9p kh\u1ecfi t\u00ecnh tr\u1ea1ng m\u00f3p m\u00e9o, cong v\u00eanh, m\u1ea5t th\u1ea9m m\u1ef9.<br \/>\n&#8212;&#8212;&#8212;&#8212;&#8212;&#8212;&#8212;&#8212;&#8212;&#8212;&#8212;&#8212;&#8212;&#8212;&#8212;&#8212;&#8212;&#8212;<br \/>\nV\u0102N PH\u00d2NG PH\u1ea8M VIVI CAM K\u1ebeT:<br \/>\nS\u1ea3n ph\u1ea9m 100% gi\u1ed1ng m\u00f4 t\u1ea3<br \/>\n\u0110\u1ea3m b\u1ea3o ch\u1ea5t l\u01b0\u1ee3ng, d\u1ecbch v\u1ee5 t\u1ed1t nh\u1ea5t, h\u00e0ng \u0111\u01b0\u1ee3c giao t\u1eeb 1-5 ng\u00e0y k\u1ec3 t\u1eeb ng\u00e0y \u0111\u1eb7t h\u00e0ng<\/p>\n","protected":false},"excerpt":{"rendered":"<p>S\u1ed5 caro ghi ch\u00e9p l\u01b0u tr\u1eef th\u00f4ng tin l\u1edbn d\u00e0nh cho x\u00ed nghi\u1ec7p, c\u00f4ng ty, nh\u00e0 m\u00e1y, c\u01a1 quan Xu\u1ea5t x\u1ee9: Vi\u1ec7t Nam K\u00edch th\u01b0\u1edbc: 30&#215;40 lo\u1ea1i 600 trang M\u00e0u<\/p>\n","protected":false},"featured_media":881,"comment_status":"open","ping_status":"closed","template":"","meta":[],"product_cat":[159],"product_tag":[247,245,237,243,238,241,244],"class_list":{"0":"post-889","1":"product","2":"type-product","3":"status-publish","6":"product_cat-so-tap-bao-thu-cac-loai","7":"product_tag-so-30x40","8":"product_tag-so-cai","9":"product_tag-so-caro","10":"product_tag-so-cham-cong","11":"product_tag-so-ghi-chep","12":"product_tag-so-lon","13":"product_tag-so-luu-tru","15":"first","16":"instock","17":"sale","18":"shipping-taxable","19":"purchasable","20":"product-type-simple"},"_links":{"self":[{"href":"https:\/\/vanphongphamvivi.vn\/index.php?rest_route=\/wp\/v2\/product\/889","targetHints":{"allow":["GET"]}}],"collection":[{"href":"https:\/\/vanphongphamvivi.vn\/index.php?rest_route=\/wp\/v2\/product"}],"about":[{"href":"https:\/\/vanphongphamvivi.vn\/index.php?rest_route=\/wp\/v2\/types\/product"}],"replies":[{"embeddable":true,"href":"https:\/\/vanphongphamvivi.vn\/index.php?rest_route=%2Fwp%2Fv2%2Fcomments&post=889"}],"version-history":[{"count":1,"href":"https:\/\/vanphongphamvivi.vn\/index.php?rest_route=\/wp\/v2\/product\/889\/revisions"}],"predecessor-version":[{"id":891,"href":"https:\/\/vanphongphamvivi.vn\/index.php?rest_route=\/wp\/v2\/product\/889\/revisions\/891"}],"wp:featuredmedia":[{"embeddable":true,"href":"https:\/\/vanphongphamvivi.vn\/index.php?rest_route=\/wp\/v2\/media\/881"}],"wp:attachment":[{"href":"https:\/\/vanphongphamvivi.vn\/index.php?rest_route=%2Fwp%2Fv2%2Fmedia&parent=889"}],"wp:term":[{"taxonomy":"product_cat","embeddable":true,"href":"https:\/\/vanphongphamvivi.vn\/index.php?rest_route=%2Fwp%2Fv2%2Fproduct_cat&post=889"},{"taxonomy":"product_tag","embeddable":true,"href":"https:\/\/vanphongphamvivi.vn\/index.php?rest_route=%2Fwp%2Fv2%2Fproduct_tag&post=889"}],"curies":[{"name":"wp","href":"https:\/\/api.w.org\/{rel}","templated":true}]}}