{"id":911,"date":"2023-06-29T10:13:24","date_gmt":"2023-06-29T10:13:24","guid":{"rendered":"https:\/\/vanphongphamvivi.vn\/?post_type=product&#038;p=911"},"modified":"2023-06-29T10:13:25","modified_gmt":"2023-06-29T10:13:25","slug":"ong-dung-but-nhua-de-ban-2-ngan-trai-tim","status":"publish","type":"product","link":"https:\/\/vanphongphamvivi.vn\/?product=ong-dung-but-nhua-de-ban-2-ngan-trai-tim","title":{"rendered":"\u1ed0ng \u0111\u1ef1ng b\u00fat nh\u1ef1a \u0111\u1ec3 b\u00e0n 2 ng\u0103n tr\u00e1i tim"},"content":{"rendered":"<p>\u1ed0ng \u0111\u1ef1ng b\u00fat nhi\u1ec1u ng\u0103n &#8211; K\u1ec7 b\u00fat nh\u1ef1a \u0111\u1ec3 b\u00e0n l\u00e0m vi\u1ec7c<br \/>\nK\u1ec7 b\u00fat xoay 360 \u0111\u1ed9<br \/>\nCh\u1ea5t li\u1ec7u: Nh\u1ef1a Mica trong su\u1ed1t m\u00e0u xanh<br \/>\nK\u1ec7 \u0111\u1ef1ng b\u00fat \u0111\u01b0\u1ee3c thi\u1ebft k\u1ebf nhi\u1ec1u ng\u0103n d\u00f9ng \u0111\u1ec3 \u0111\u1ef1ng c\u00e1c lo\u1ea1i b\u00fat bi, b\u00fat ch\u00ec, th\u01b0\u1edbc k\u1ebb, b\u00fat d\u1ea1 quang, b\u00fat gel, k\u00e9o, dao r\u1ecdc gi\u1ea5y&#8230; K\u1ec7 thi\u1ebft k\u1ebf nh\u1ecf g\u1ecdn, h\u1ee3p th\u1eddi trang c\u00f3 th\u1ec3 \u0111\u1ec3 tr\u00ean b\u00e0n l\u00e0m vi\u1ec7c, b\u00e0n h\u1ecdc, k\u1ec7 s\u00e1ch&#8230;.<\/p>\n<p>C\u1eafm b\u00fat b\u1eb1ng nh\u1ef1a gi\u00e1 c\u1ea3 ph\u1ea3i ch\u0103ng, g\u1ecdn nh\u1eb9, d\u1ec5 v\u1eadn chuy\u1ec3n v\u00e0 ti\u1ebft ki\u1ec7m di\u1ec7n t\u00edch b\u00e0n l\u00e0m vi\u1ec7c, b\u00e0n h\u1ecdc.<\/p>\n","protected":false},"excerpt":{"rendered":"<p>\u1ed0ng \u0111\u1ef1ng b\u00fat nhi\u1ec1u ng\u0103n &#8211; K\u1ec7 b\u00fat nh\u1ef1a \u0111\u1ec3 b\u00e0n l\u00e0m vi\u1ec7c K\u1ec7 b\u00fat xoay 360 \u0111\u1ed9 Ch\u1ea5t li\u1ec7u: Nh\u1ef1a Mica trong su\u1ed1t m\u00e0u xanh K\u1ec7 \u0111\u1ef1ng b\u00fat \u0111\u01b0\u1ee3c<\/p>\n","protected":false},"featured_media":904,"comment_status":"open","ping_status":"closed","template":"","meta":[],"product_cat":[157],"product_tag":[252,266,263,255,264,273,253,274,259,219,222],"class_list":{"0":"post-911","1":"product","2":"type-product","3":"status-publish","6":"product_cat-cac-loai-bia-ke-cam-but","7":"product_tag-cam-but-de-ban","8":"product_tag-cam-but-nhua","9":"product_tag-ke-but","10":"product_tag-ke-de-ban","11":"product_tag-ke-dung-but","12":"product_tag-ke-dung-but-de-ban","13":"product_tag-ong-dung-but-de-ban","14":"product_tag-ong-dung-but-nhua","15":"product_tag-van-phong-pham","16":"product_tag-van-phong-pham-hcm","17":"product_tag-van-phong-pham-q12","19":"first","20":"instock","21":"sale","22":"shipping-taxable","23":"purchasable","24":"product-type-simple"},"_links":{"self":[{"href":"https:\/\/vanphongphamvivi.vn\/index.php?rest_route=\/wp\/v2\/product\/911","targetHints":{"allow":["GET"]}}],"collection":[{"href":"https:\/\/vanphongphamvivi.vn\/index.php?rest_route=\/wp\/v2\/product"}],"about":[{"href":"https:\/\/vanphongphamvivi.vn\/index.php?rest_route=\/wp\/v2\/types\/product"}],"replies":[{"embeddable":true,"href":"https:\/\/vanphongphamvivi.vn\/index.php?rest_route=%2Fwp%2Fv2%2Fcomments&post=911"}],"version-history":[{"count":1,"href":"https:\/\/vanphongphamvivi.vn\/index.php?rest_route=\/wp\/v2\/product\/911\/revisions"}],"predecessor-version":[{"id":912,"href":"https:\/\/vanphongphamvivi.vn\/index.php?rest_route=\/wp\/v2\/product\/911\/revisions\/912"}],"wp:featuredmedia":[{"embeddable":true,"href":"https:\/\/vanphongphamvivi.vn\/index.php?rest_route=\/wp\/v2\/media\/904"}],"wp:attachment":[{"href":"https:\/\/vanphongphamvivi.vn\/index.php?rest_route=%2Fwp%2Fv2%2Fmedia&parent=911"}],"wp:term":[{"taxonomy":"product_cat","embeddable":true,"href":"https:\/\/vanphongphamvivi.vn\/index.php?rest_route=%2Fwp%2Fv2%2Fproduct_cat&post=911"},{"taxonomy":"product_tag","embeddable":true,"href":"https:\/\/vanphongphamvivi.vn\/index.php?rest_route=%2Fwp%2Fv2%2Fproduct_tag&post=911"}],"curies":[{"name":"wp","href":"https:\/\/api.w.org\/{rel}","templated":true}]}}